{"id":13,"date":"2020-04-24T22:55:24","date_gmt":"2020-04-24T22:55:24","guid":{"rendered":"https:\/\/eximtex.com\/?page_id=13"},"modified":"2020-05-12T21:23:10","modified_gmt":"2020-05-12T21:23:10","slug":"kompania","status":"publish","type":"page","link":"https:\/\/eximtex.com\/de\/kompania\/","title":{"rendered":"Unternehmen"},"content":{"rendered":"<p>Eximtex SH.P.K. ist ein auf Schneiderei spezialisiertes Unternehmen mit Sitz in Gjakova Kosovo.<br \/>\nEximtex SH.P.K. ist Nachfolger der ehemaligen Aktiengesellschaft Jatex, dass seit 1947 existiert.<br \/>\nDie Reaktivierung des Jatex mit dem neuen Namen Eximtex SH.P.K. ist im M\u00e4rz 2019 erfolgt, die Arbeit unseres Unternehmens wird sowohl in der Region als auch in Europa gesch\u00e4tzt.<br \/>\nWir Produzieren momentan verschiedene Produkte sowohl f\u00fcr den inl\u00e4ndischen Markt als auch f\u00fcr unseren verehrten Kunden im Ausland.<\/p>\n<p>Eximtex hat eine Fl\u00e4che von ca. 4000 m\u00b2 und besch\u00e4ftigt derzeit 60 Mitarbeiter. Ein geschultes Personal auf dem Gebiet der Textilverarbeitung und des N\u00e4hens.<\/p>\n<p>Der Generaldirektor dieser Fabrik ist Herr Bashkim Hasanaj.<\/p>","protected":false},"excerpt":{"rendered":"<p>Eximtex SH.P.K. ist ein auf Schneiderei spezialisiertes Unternehmen mit Sitz in Gjakova Kosovo. Eximtex SH.P.K. ist Nachfolger der ehemaligen Aktiengesellschaft Jatex, dass seit 1947 existiert. Die Reaktivierung des Jatex mit dem neuen Namen Eximtex SH.P.K. ist im M\u00e4rz 2019 erfolgt, die Arbeit unseres Unternehmens wird sowohl in der Region als auch in Europa gesch\u00e4tzt. Wir Produzieren momentan verschiedene Produkte sowohl f\u00fcr den inl\u00e4ndischen Markt als auch f\u00fcr unseren verehrten Kunden im Ausland. Eximtex hat eine Fl\u00e4che von ca. 4000 m\u00b2 und besch\u00e4ftigt derzeit 60 Mitarbeiter. Ein geschultes Personal auf dem Gebiet der Textilverarbeitung und des N\u00e4hens. Der Generaldirektor dieser Fabrik&#8230; <\/p>\n","protected":false},"author":1,"featured_media":81,"parent":0,"menu_order":0,"comment_status":"closed","ping_status":"closed","template":"template-no-sidebar.php","meta":{"spay_email":"","footnotes":""},"class_list":["post-13","page","type-page","status-publish","has-post-thumbnail","hentry"],"yoast_head":"<!-- This site is optimized with the Yoast SEO plugin v16.6.1 - https:\/\/yoast.com\/wordpress\/plugins\/seo\/ -->\n<title>Unternehmen | EximTex SH.P.K.<\/title>\n<meta name=\"robots\" content=\"index, follow, max-snippet:-1, max-image-preview:large, max-video-preview:-1\" \/>\n<link rel=\"canonical\" href=\"https:\/\/eximtex.com\/de\/kompania\/\" \/>\n<meta property=\"og:locale\" content=\"de_DE\" \/>\n<meta property=\"og:type\" content=\"article\" \/>\n<meta property=\"og:title\" content=\"[:de]Unternehmen[:en]Company[:sq]Kompania[:] | EximTex SH.P.K.\" \/>\n<meta property=\"og:description\" content=\"Eximtex SH.P.K. ist ein auf Schneiderei spezialisiertes Unternehmen mit Sitz in Gjakova Kosovo. Eximtex SH.P.K. ist Nachfolger der ehemaligen Aktiengesellschaft Jatex, dass seit 1947 existiert. Die Reaktivierung des Jatex mit dem neuen Namen Eximtex SH.P.K. ist im M\u00e4rz 2019 erfolgt, die Arbeit unseres Unternehmens wird sowohl in der Region als auch in Europa gesch\u00e4tzt. Wir Produzieren momentan verschiedene Produkte sowohl f\u00fcr den inl\u00e4ndischen Markt als auch f\u00fcr unseren verehrten Kunden im Ausland. Eximtex hat eine Fl\u00e4che von ca. 4000 m\u00b2 und besch\u00e4ftigt derzeit 60 Mitarbeiter. Ein geschultes Personal auf dem Gebiet der Textilverarbeitung und des N\u00e4hens. Der Generaldirektor dieser Fabrik...\" \/>\n<meta property=\"og:url\" content=\"https:\/\/eximtex.com\/de\/kompania\/\" \/>\n<meta property=\"og:site_name\" content=\"EximTex SH.P.K.\" \/>\n<meta property=\"article:publisher\" content=\"https:\/\/www.facebook.com\/EximTex\/\" \/>\n<meta property=\"article:modified_time\" content=\"2020-05-12T21:23:10+00:00\" \/>\n<meta property=\"og:image\" content=\"https:\/\/eximtex.com\/wp-content\/uploads\/2020\/05\/inner-banner-eximtex1.jpg\" \/>\n\t<meta property=\"og:image:width\" content=\"1420\" \/>\n\t<meta property=\"og:image:height\" content=\"350\" \/>\n<meta name=\"twitter:card\" content=\"summary_large_image\" \/>\n<meta name=\"twitter:label1\" content=\"Gesch\u00e4tzte Lesezeit\" \/>\n\t<meta name=\"twitter:data1\" content=\"1\u00a0Minute\" \/>\n<script type=\"application\/ld+json\" class=\"yoast-schema-graph\">{\"@context\":\"https:\/\/schema.org\",\"@graph\":[{\"@type\":\"Organization\",\"@id\":\"https:\/\/eximtex.com\/de\/#organization\",\"name\":\"Eximtex SH.P.K.\",\"url\":\"https:\/\/eximtex.com\/de\/\",\"sameAs\":[\"https:\/\/www.facebook.com\/EximTex\/\",\"https:\/\/www.instagram.com\/eximtexshpk\/\"],\"logo\":{\"@type\":\"ImageObject\",\"@id\":\"https:\/\/eximtex.com\/de\/#logo\",\"inLanguage\":\"de\",\"url\":\"https:\/\/eximtex.com\/wp-content\/uploads\/2020\/05\/eximtex-shpk.png\",\"contentUrl\":\"https:\/\/eximtex.com\/wp-content\/uploads\/2020\/05\/eximtex-shpk.png\",\"width\":3392,\"height\":1251,\"caption\":\"Eximtex SH.P.K.\"},\"image\":{\"@id\":\"https:\/\/eximtex.com\/de\/#logo\"}},{\"@type\":\"WebSite\",\"@id\":\"https:\/\/eximtex.com\/de\/#website\",\"url\":\"https:\/\/eximtex.com\/de\/\",\"name\":\"EximTex SH.P.K.\",\"description\":\"Fabrika e textilit\",\"publisher\":{\"@id\":\"https:\/\/eximtex.com\/de\/#organization\"},\"potentialAction\":[{\"@type\":\"SearchAction\",\"target\":{\"@type\":\"EntryPoint\",\"urlTemplate\":\"https:\/\/eximtex.com\/de\/?s={search_term_string}\"},\"query-input\":\"required name=search_term_string\"}],\"inLanguage\":\"de\"},{\"@type\":\"ImageObject\",\"@id\":\"https:\/\/eximtex.com\/de\/kompania\/#primaryimage\",\"inLanguage\":\"de\",\"url\":\"https:\/\/eximtex.com\/wp-content\/uploads\/2020\/05\/inner-banner-eximtex1.jpg\",\"contentUrl\":\"https:\/\/eximtex.com\/wp-content\/uploads\/2020\/05\/inner-banner-eximtex1.jpg\",\"width\":1420,\"height\":350},{\"@type\":\"WebPage\",\"@id\":\"https:\/\/eximtex.com\/de\/kompania\/#webpage\",\"url\":\"https:\/\/eximtex.com\/de\/kompania\/\",\"name\":\"[:de]Unternehmen[:en]Company[:sq]Kompania[:] | EximTex SH.P.K.\",\"isPartOf\":{\"@id\":\"https:\/\/eximtex.com\/de\/#website\"},\"primaryImageOfPage\":{\"@id\":\"https:\/\/eximtex.com\/de\/kompania\/#primaryimage\"},\"datePublished\":\"2020-04-24T22:55:24+00:00\",\"dateModified\":\"2020-05-12T21:23:10+00:00\",\"breadcrumb\":{\"@id\":\"https:\/\/eximtex.com\/de\/kompania\/#breadcrumb\"},\"inLanguage\":\"de\",\"potentialAction\":[{\"@type\":\"ReadAction\",\"target\":[\"https:\/\/eximtex.com\/de\/kompania\/\"]}]},{\"@type\":\"BreadcrumbList\",\"@id\":\"https:\/\/eximtex.com\/de\/kompania\/#breadcrumb\",\"itemListElement\":[{\"@type\":\"ListItem\",\"position\":1,\"name\":\"Starteseite\",\"item\":\"https:\/\/eximtex.com\/de\/\"},{\"@type\":\"ListItem\",\"position\":2,\"name\":\"Unternehmen\"}]}]}<\/script>\n<!-- \/ Yoast SEO plugin. -->","_links":{"self":[{"href":"https:\/\/eximtex.com\/de\/wp-json\/wp\/v2\/pages\/13","targetHints":{"allow":["GET"]}}],"collection":[{"href":"https:\/\/eximtex.com\/de\/wp-json\/wp\/v2\/pages"}],"about":[{"href":"https:\/\/eximtex.com\/de\/wp-json\/wp\/v2\/types\/page"}],"author":[{"embeddable":true,"href":"https:\/\/eximtex.com\/de\/wp-json\/wp\/v2\/users\/1"}],"replies":[{"embeddable":true,"href":"https:\/\/eximtex.com\/de\/wp-json\/wp\/v2\/comments?post=13"}],"version-history":[{"count":2,"href":"https:\/\/eximtex.com\/de\/wp-json\/wp\/v2\/pages\/13\/revisions"}],"predecessor-version":[{"id":68,"href":"https:\/\/eximtex.com\/de\/wp-json\/wp\/v2\/pages\/13\/revisions\/68"}],"wp:featuredmedia":[{"embeddable":true,"href":"https:\/\/eximtex.com\/de\/wp-json\/wp\/v2\/media\/81"}],"wp:attachment":[{"href":"https:\/\/eximtex.com\/de\/wp-json\/wp\/v2\/media?parent=13"}],"curies":[{"name":"wp","href":"https:\/\/api.w.org\/{rel}","templated":true}]}}