{"id":511,"date":"2021-02-02T22:41:17","date_gmt":"2021-02-02T22:41:17","guid":{"rendered":"https:\/\/eximtex.com\/?page_id=511"},"modified":"2021-06-17T02:24:57","modified_gmt":"2021-06-17T02:24:57","slug":"ex-shop","status":"publish","type":"page","link":"https:\/\/eximtex.com\/de\/ex-shop\/","title":{"rendered":"Shop"},"content":{"rendered":"<p><\/p>\r\n\r\n<div class=\"wp-block-columns is-layout-flex wp-container-core-columns-is-layout-9d6595d7 wp-block-columns-is-layout-flex\">\r\n<div class=\"wp-block-column is-layout-flow wp-block-column-is-layout-flow\" style=\"flex-basis: 33.33%;\">\r\n<h4 class=\"wp-block-heading\">Category<\/h4>\r\n\r\n\r\n<div class=\"wc-block-product-categories is-list\"><ul class=\"wc-block-product-categories-list wc-block-product-categories-list--depth-0\">\n\t\t\t\t<li class=\"wc-block-product-categories-list-item\">\n\t\t\t\t\t<a href=\"https:\/\/eximtex.com\/de\/product-category\/aksesore\/\">\n\t\t\t\t\t\tAksesor\u00eb\n\t\t\t\t\t<\/a>\n\t\t\t\t\t<span class=\"wc-block-product-categories-list-item-count\"><span aria-hidden=\"true\">31<\/span><span class=\"screen-reader-text\">31 products<\/span><\/span>\n\t\t\t\t\t<ul class=\"wc-block-product-categories-list wc-block-product-categories-list--depth-1\">\n\t\t\t\t<li class=\"wc-block-product-categories-list-item\">\n\t\t\t\t\t<a href=\"https:\/\/eximtex.com\/de\/product-category\/aksesore\/patenta\/\">\n\t\t\t\t\t\tPatenta\n\t\t\t\t\t<\/a>\n\t\t\t\t\t<span class=\"wc-block-product-categories-list-item-count\"><span aria-hidden=\"true\">5<\/span><span class=\"screen-reader-text\">5 products<\/span><\/span>\n\t\t\t\t\t<ul class=\"wc-block-product-categories-list wc-block-product-categories-list--depth-2\">\n\t\t\t\t<li class=\"wc-block-product-categories-list-item\">\n\t\t\t\t\t<a href=\"https:\/\/eximtex.com\/de\/product-category\/aksesore\/patenta\/patent-zinxhir\/\">\n\t\t\t\t\t\tZinxhir\n\t\t\t\t\t<\/a>\n\t\t\t\t\t<span class=\"wc-block-product-categories-list-item-count\"><span aria-hidden=\"true\">3<\/span><span class=\"screen-reader-text\">3 products<\/span><\/span>\n\t\t\t\t\t\n\t\t\t\t<\/li>\n\t\t\t<\/ul>\n\t\t\t\t<\/li>\n\t\t\t\n\t\t\t\t<li class=\"wc-block-product-categories-list-item\">\n\t\t\t\t\t<a href=\"https:\/\/eximtex.com\/de\/product-category\/aksesore\/pulla\/\">\n\t\t\t\t\t\tPulla\n\t\t\t\t\t<\/a>\n\t\t\t\t\t<span class=\"wc-block-product-categories-list-item-count\"><span aria-hidden=\"true\">26<\/span><span class=\"screen-reader-text\">26 products<\/span><\/span>\n\t\t\t\t\t\n\t\t\t\t<\/li>\n\t\t\t<\/ul>\n\t\t\t\t<\/li>\n\t\t\t\n\t\t\t\t<li class=\"wc-block-product-categories-list-item\">\n\t\t\t\t\t<a href=\"https:\/\/eximtex.com\/de\/product-category\/materiale\/\">\n\t\t\t\t\t\tMateriale\n\t\t\t\t\t<\/a>\n\t\t\t\t\t<span class=\"wc-block-product-categories-list-item-count\"><span aria-hidden=\"true\">83<\/span><span class=\"screen-reader-text\">83 products<\/span><\/span>\n\t\t\t\t\t<ul class=\"wc-block-product-categories-list wc-block-product-categories-list--depth-1\">\n\t\t\t\t<li class=\"wc-block-product-categories-list-item\">\n\t\t\t\t\t<a href=\"https:\/\/eximtex.com\/de\/product-category\/materiale\/antilop\/\">\n\t\t\t\t\t\tAntilop\n\t\t\t\t\t<\/a>\n\t\t\t\t\t<span class=\"wc-block-product-categories-list-item-count\"><span aria-hidden=\"true\">4<\/span><span class=\"screen-reader-text\">4 products<\/span><\/span>\n\t\t\t\t\t\n\t\t\t\t<\/li>\n\t\t\t\n\t\t\t\t<li class=\"wc-block-product-categories-list-item\">\n\t\t\t\t\t<a href=\"https:\/\/eximtex.com\/de\/product-category\/materiale\/gum\/\">\n\t\t\t\t\t\tGum\n\t\t\t\t\t<\/a>\n\t\t\t\t\t<span class=\"wc-block-product-categories-list-item-count\"><span aria-hidden=\"true\">8<\/span><span class=\"screen-reader-text\">8 products<\/span><\/span>\n\t\t\t\t\t\n\t\t\t\t<\/li>\n\t\t\t\n\t\t\t\t<li class=\"wc-block-product-categories-list-item\">\n\t\t\t\t\t<a href=\"https:\/\/eximtex.com\/de\/product-category\/materiale\/lekur\/\">\n\t\t\t\t\t\tLekur\n\t\t\t\t\t<\/a>\n\t\t\t\t\t<span class=\"wc-block-product-categories-list-item-count\"><span aria-hidden=\"true\">1<\/span><span class=\"screen-reader-text\">1 product<\/span><\/span>\n\t\t\t\t\t\n\t\t\t\t<\/li>\n\t\t\t\n\t\t\t\t<li class=\"wc-block-product-categories-list-item\">\n\t\t\t\t\t<a href=\"https:\/\/eximtex.com\/de\/product-category\/materiale\/saten-gum\/\">\n\t\t\t\t\t\tSaten-Gum\n\t\t\t\t\t<\/a>\n\t\t\t\t\t<span class=\"wc-block-product-categories-list-item-count\"><span aria-hidden=\"true\">13<\/span><span class=\"screen-reader-text\">13 products<\/span><\/span>\n\t\t\t\t\t\n\t\t\t\t<\/li>\n\t\t\t\n\t\t\t\t<li class=\"wc-block-product-categories-list-item\">\n\t\t\t\t\t<a href=\"https:\/\/eximtex.com\/de\/product-category\/materiale\/sfill\/\">\n\t\t\t\t\t\tSfill\n\t\t\t\t\t<\/a>\n\t\t\t\t\t<span class=\"wc-block-product-categories-list-item-count\"><span aria-hidden=\"true\">10<\/span><span class=\"screen-reader-text\">10 products<\/span><\/span>\n\t\t\t\t\t\n\t\t\t\t<\/li>\n\t\t\t\n\t\t\t\t<li class=\"wc-block-product-categories-list-item\">\n\t\t\t\t\t<a href=\"https:\/\/eximtex.com\/de\/product-category\/materiale\/shtof\/\">\n\t\t\t\t\t\tShtof\n\t\t\t\t\t<\/a>\n\t\t\t\t\t<span class=\"wc-block-product-categories-list-item-count\"><span aria-hidden=\"true\">27<\/span><span class=\"screen-reader-text\">27 products<\/span><\/span>\n\t\t\t\t\t\n\t\t\t\t<\/li>\n\t\t\t\n\t\t\t\t<li class=\"wc-block-product-categories-list-item\">\n\t\t\t\t\t<a href=\"https:\/\/eximtex.com\/de\/product-category\/materiale\/syre\/\">\n\t\t\t\t\t\tSyre\n\t\t\t\t\t<\/a>\n\t\t\t\t\t<span class=\"wc-block-product-categories-list-item-count\"><span aria-hidden=\"true\">14<\/span><span class=\"screen-reader-text\">14 products<\/span><\/span>\n\t\t\t\t\t\n\t\t\t\t<\/li>\n\t\t\t\n\t\t\t\t<li class=\"wc-block-product-categories-list-item\">\n\t\t\t\t\t<a href=\"https:\/\/eximtex.com\/de\/product-category\/materiale\/tentene\/\">\n\t\t\t\t\t\tTentene\n\t\t\t\t\t<\/a>\n\t\t\t\t\t<span class=\"wc-block-product-categories-list-item-count\"><span aria-hidden=\"true\">6<\/span><span class=\"screen-reader-text\">6 products<\/span><\/span>\n\t\t\t\t\t\n\t\t\t\t<\/li>\n\t\t\t<\/ul>\n\t\t\t\t<\/li>\n\t\t\t\n\t\t\t\t<li class=\"wc-block-product-categories-list-item\">\n\t\t\t\t\t<a href=\"https:\/\/eximtex.com\/de\/product-category\/mode\/\">\n\t\t\t\t\t\tMode\n\t\t\t\t\t<\/a>\n\t\t\t\t\t<span class=\"wc-block-product-categories-list-item-count\"><span aria-hidden=\"true\">14<\/span><span class=\"screen-reader-text\">14 products<\/span><\/span>\n\t\t\t\t\t<ul class=\"wc-block-product-categories-list wc-block-product-categories-list--depth-1\">\n\t\t\t\t<li class=\"wc-block-product-categories-list-item\">\n\t\t\t\t\t<a href=\"https:\/\/eximtex.com\/de\/product-category\/mode\/femra\/\">\n\t\t\t\t\t\tFemra\n\t\t\t\t\t<\/a>\n\t\t\t\t\t<span class=\"wc-block-product-categories-list-item-count\"><span aria-hidden=\"true\">1<\/span><span class=\"screen-reader-text\">1 product<\/span><\/span>\n\t\t\t\t\t<ul class=\"wc-block-product-categories-list wc-block-product-categories-list--depth-2\">\n\t\t\t\t<li class=\"wc-block-product-categories-list-item\">\n\t\t\t\t\t<a href=\"https:\/\/eximtex.com\/de\/product-category\/mode\/femra\/kemisha-femra\/\">\n\t\t\t\t\t\tKemisha\n\t\t\t\t\t<\/a>\n\t\t\t\t\t<span class=\"wc-block-product-categories-list-item-count\"><span aria-hidden=\"true\">1<\/span><span class=\"screen-reader-text\">1 product<\/span><\/span>\n\t\t\t\t\t\n\t\t\t\t<\/li>\n\t\t\t<\/ul>\n\t\t\t\t<\/li>\n\t\t\t\n\t\t\t\t<li class=\"wc-block-product-categories-list-item\">\n\t\t\t\t\t<a href=\"https:\/\/eximtex.com\/de\/product-category\/mode\/meshkuj\/\">\n\t\t\t\t\t\tMeshkuj\n\t\t\t\t\t<\/a>\n\t\t\t\t\t<span class=\"wc-block-product-categories-list-item-count\"><span aria-hidden=\"true\">13<\/span><span class=\"screen-reader-text\">13 products<\/span><\/span>\n\t\t\t\t\t<ul class=\"wc-block-product-categories-list wc-block-product-categories-list--depth-2\">\n\t\t\t\t<li class=\"wc-block-product-categories-list-item\">\n\t\t\t\t\t<a href=\"https:\/\/eximtex.com\/de\/product-category\/mode\/meshkuj\/kemisha-meshkuj\/\">\n\t\t\t\t\t\tKemisha\n\t\t\t\t\t<\/a>\n\t\t\t\t\t<span class=\"wc-block-product-categories-list-item-count\"><span aria-hidden=\"true\">13<\/span><span class=\"screen-reader-text\">13 products<\/span><\/span>\n\t\t\t\t\t\n\t\t\t\t<\/li>\n\t\t\t<\/ul>\n\t\t\t\t<\/li>\n\t\t\t<\/ul>\n\t\t\t\t<\/li>\n\t\t\t\n\t\t\t\t<li class=\"wc-block-product-categories-list-item\">\n\t\t\t\t\t<a href=\"https:\/\/eximtex.com\/de\/product-category\/textil-per-shtepi\/\">\n\t\t\t\t\t\tHeimtextilien\n\t\t\t\t\t<\/a>\n\t\t\t\t\t<span class=\"wc-block-product-categories-list-item-count\"><span aria-hidden=\"true\">9<\/span><span class=\"screen-reader-text\">9 products<\/span><\/span>\n\t\t\t\t\t<ul class=\"wc-block-product-categories-list wc-block-product-categories-list--depth-1\">\n\t\t\t\t<li class=\"wc-block-product-categories-list-item\">\n\t\t\t\t\t<a href=\"https:\/\/eximtex.com\/de\/product-category\/textil-per-shtepi\/batanie\/\">\n\t\t\t\t\t\tBatanie\n\t\t\t\t\t<\/a>\n\t\t\t\t\t<span class=\"wc-block-product-categories-list-item-count\"><span aria-hidden=\"true\">2<\/span><span class=\"screen-reader-text\">2 products<\/span><\/span>\n\t\t\t\t\t\n\t\t\t\t<\/li>\n\t\t\t\n\t\t\t\t<li class=\"wc-block-product-categories-list-item\">\n\t\t\t\t\t<a href=\"https:\/\/eximtex.com\/de\/product-category\/textil-per-shtepi\/mbulesa-tavoline\/\">\n\t\t\t\t\t\tMbulesa Tavoline\n\t\t\t\t\t<\/a>\n\t\t\t\t\t<span class=\"wc-block-product-categories-list-item-count\"><span aria-hidden=\"true\">7<\/span><span class=\"screen-reader-text\">7 products<\/span><\/span>\n\t\t\t\t\t\n\t\t\t\t<\/li>\n\t\t\t<\/ul>\n\t\t\t\t<\/li>\n\t\t\t\n\t\t\t\t<li class=\"wc-block-product-categories-list-item\">\n\t\t\t\t\t<a href=\"https:\/\/eximtex.com\/de\/product-category\/uniforma\/\">\n\t\t\t\t\t\tUniforma\n\t\t\t\t\t<\/a>\n\t\t\t\t\t<span class=\"wc-block-product-categories-list-item-count\"><span aria-hidden=\"true\">5<\/span><span class=\"screen-reader-text\">5 products<\/span><\/span>\n\t\t\t\t\t\n\t\t\t\t<\/li>\n\t\t\t\n\t\t\t\t<li class=\"wc-block-product-categories-list-item\">\n\t\t\t\t\t<a href=\"https:\/\/eximtex.com\/de\/product-category\/veshje-mbrojtese\/\">\n\t\t\t\t\t\tVeshje mbrojt\u00ebse\n\t\t\t\t\t<\/a>\n\t\t\t\t\t<span class=\"wc-block-product-categories-list-item-count\"><span aria-hidden=\"true\">2<\/span><span class=\"screen-reader-text\">2 products<\/span><\/span>\n\t\t\t\t\t\n\t\t\t\t<\/li>\n\t\t\t\n\t\t\t\t<li class=\"wc-block-product-categories-list-item\">\n\t\t\t\t\t<a href=\"https:\/\/eximtex.com\/de\/product-category\/veshje-pune\/\">\n\t\t\t\t\t\tArbeitskleidung\n\t\t\t\t\t<\/a>\n\t\t\t\t\t<span class=\"wc-block-product-categories-list-item-count\"><span aria-hidden=\"true\">5<\/span><span class=\"screen-reader-text\">5 products<\/span><\/span>\n\t\t\t\t\t\n\t\t\t\t<\/li>\n\t\t\t<\/ul><\/div>\r\n\r\n\r\n<div class=\"wp-block-woocommerce-price-filter is-loading\" data-showinputfields=\"true\" data-showfilterbutton=\"false\" data-heading=\"Preis\" data-heading-level=\"4\">\u00a0<\/div>\r\n\r\n\r\n\r\n<div class=\"wp-block-woocommerce-attribute-filter is-loading\" data-attribute-id=\"2\" data-show-counts=\"true\" data-query-type=\"or\" data-heading=\"Farbe\" data-heading-level=\"4\">\u00a0<\/div>\r\n\r\n\r\n\r\n<div class=\"wp-block-woocommerce-attribute-filter is-loading\" data-attribute-id=\"3\" data-show-counts=\"true\" data-query-type=\"or\" data-heading=\"Gr\u00f6\u00dfe\" data-heading-level=\"4\">\u00a0<\/div>\r\n<\/div>\r\n\r\n\r\n\r\n<div class=\"wp-block-column is-layout-flow wp-block-column-is-layout-flow\" style=\"flex-basis: 66.66%;\">\r\n<div class=\"wp-block-woocommerce-product-search\">\r\n<div class=\"wc-block-product-search\"><form role=\"search\" action=\"https:\/\/eximtex.com\/\" method=\"get\"><label class=\"wc-block-product-search__label\" for=\"wc-block-product-search-3\">Suchen<\/label>\r\n<div class=\"wc-block-product-search__fields\"><input id=\"wc-block-product-search-3\" class=\"wc-block-product-search__field\" name=\"s\" type=\"search\" placeholder=\"Suche nach...\" \/><input name=\"post_type\" type=\"hidden\" value=\"product\" \/><button class=\"wc-block-product-search__button\" type=\"submit\"><\/button><\/div>\r\n<\/form><\/div>\r\n<\/div>\r\n\r\n\r\n\r\n<div class=\"wp-block-spacer\" style=\"height: 44px;\" aria-hidden=\"true\">\u00a0<\/div>\r\n\r\n\r\n\r\n<div class=\"wp-block-woocommerce-all-products wc-block-all-products\" data-attributes=\"{&quot;alignButtons&quot;:false,&quot;columns&quot;:3,&quot;contentVisibility&quot;:{&quot;orderBy&quot;:true},&quot;isPreview&quot;:false,&quot;layoutConfig&quot;:[[&quot;woocommerce\/product-image&quot;],[&quot;woocommerce\/product-title&quot;],[&quot;woocommerce\/product-price&quot;],[&quot;woocommerce\/product-rating&quot;],[&quot;woocommerce\/product-button&quot;]],&quot;orderby&quot;:&quot;date&quot;,&quot;rows&quot;:3}\">\u00a0<\/div>\r\n<\/div>\r\n<\/div>\r\n\r\n<p><\/p>","protected":false},"excerpt":{"rendered":"<p>Category<\/p>\n","protected":false},"author":1,"featured_media":0,"parent":0,"menu_order":0,"comment_status":"closed","ping_status":"closed","template":"template-full-width.php","meta":{"spay_email":"","footnotes":""},"class_list":["post-511","page","type-page","status-publish","hentry"],"yoast_head":"<!-- This site is optimized with the Yoast SEO plugin v16.6.1 - https:\/\/yoast.com\/wordpress\/plugins\/seo\/ -->\n<title>Shop | EximTex SH.P.K.<\/title>\n<meta name=\"description\" content=\"Blini produktet kualitative tona online direkt nga fabrika e textilit me \u00e7mime shume te volitshme. Transporti brenda Kosoves \u00ebsht\u00eb falas.\" \/>\n<meta name=\"robots\" content=\"index, follow, max-snippet:-1, max-image-preview:large, max-video-preview:-1\" \/>\n<link rel=\"canonical\" href=\"https:\/\/eximtex.com\/de\/ex-shop\/\" \/>\n<meta property=\"og:locale\" content=\"de_DE\" \/>\n<meta property=\"og:type\" content=\"article\" \/>\n<meta property=\"og:title\" content=\"Shop | EximTex SH.P.K.\" \/>\n<meta property=\"og:description\" content=\"Blini produktet kualitative tona online direkt nga fabrika e textilit me \u00e7mime shume te volitshme. Transporti brenda Kosoves \u00ebsht\u00eb falas.\" \/>\n<meta property=\"og:url\" content=\"https:\/\/eximtex.com\/de\/ex-shop\/\" \/>\n<meta property=\"og:site_name\" content=\"EximTex SH.P.K.\" \/>\n<meta property=\"article:publisher\" content=\"https:\/\/www.facebook.com\/EximTex\/\" \/>\n<meta property=\"article:modified_time\" content=\"2021-06-17T02:24:57+00:00\" \/>\n<meta name=\"twitter:card\" content=\"summary_large_image\" \/>\n<meta name=\"twitter:label1\" content=\"Gesch\u00e4tzte Lesezeit\" \/>\n\t<meta name=\"twitter:data1\" content=\"1\u00a0Minute\" \/>\n<script type=\"application\/ld+json\" class=\"yoast-schema-graph\">{\"@context\":\"https:\/\/schema.org\",\"@graph\":[{\"@type\":\"Organization\",\"@id\":\"https:\/\/eximtex.com\/de\/#organization\",\"name\":\"Eximtex SH.P.K.\",\"url\":\"https:\/\/eximtex.com\/de\/\",\"sameAs\":[\"https:\/\/www.facebook.com\/EximTex\/\",\"https:\/\/www.instagram.com\/eximtexshpk\/\"],\"logo\":{\"@type\":\"ImageObject\",\"@id\":\"https:\/\/eximtex.com\/de\/#logo\",\"inLanguage\":\"de\",\"url\":\"https:\/\/eximtex.com\/wp-content\/uploads\/2020\/05\/eximtex-shpk.png\",\"contentUrl\":\"https:\/\/eximtex.com\/wp-content\/uploads\/2020\/05\/eximtex-shpk.png\",\"width\":3392,\"height\":1251,\"caption\":\"Eximtex SH.P.K.\"},\"image\":{\"@id\":\"https:\/\/eximtex.com\/de\/#logo\"}},{\"@type\":\"WebSite\",\"@id\":\"https:\/\/eximtex.com\/de\/#website\",\"url\":\"https:\/\/eximtex.com\/de\/\",\"name\":\"EximTex SH.P.K.\",\"description\":\"Fabrika e textilit\",\"publisher\":{\"@id\":\"https:\/\/eximtex.com\/de\/#organization\"},\"potentialAction\":[{\"@type\":\"SearchAction\",\"target\":{\"@type\":\"EntryPoint\",\"urlTemplate\":\"https:\/\/eximtex.com\/de\/?s={search_term_string}\"},\"query-input\":\"required name=search_term_string\"}],\"inLanguage\":\"de\"},{\"@type\":\"WebPage\",\"@id\":\"https:\/\/eximtex.com\/de\/ex-shop\/#webpage\",\"url\":\"https:\/\/eximtex.com\/de\/ex-shop\/\",\"name\":\"Shop | EximTex SH.P.K.\",\"isPartOf\":{\"@id\":\"https:\/\/eximtex.com\/de\/#website\"},\"datePublished\":\"2021-02-02T22:41:17+00:00\",\"dateModified\":\"2021-06-17T02:24:57+00:00\",\"description\":\"Blini produktet kualitative tona online direkt nga fabrika e textilit me \\u00e7mime shume te volitshme. Transporti brenda Kosoves \\u00ebsht\\u00eb falas.\",\"breadcrumb\":{\"@id\":\"https:\/\/eximtex.com\/de\/ex-shop\/#breadcrumb\"},\"inLanguage\":\"de\",\"potentialAction\":[{\"@type\":\"ReadAction\",\"target\":[\"https:\/\/eximtex.com\/de\/ex-shop\/\"]}]},{\"@type\":\"BreadcrumbList\",\"@id\":\"https:\/\/eximtex.com\/de\/ex-shop\/#breadcrumb\",\"itemListElement\":[{\"@type\":\"ListItem\",\"position\":1,\"name\":\"Starteseite\",\"item\":\"https:\/\/eximtex.com\/de\/\"},{\"@type\":\"ListItem\",\"position\":2,\"name\":\"Shop\"}]}]}<\/script>\n<!-- \/ Yoast SEO plugin. -->","_links":{"self":[{"href":"https:\/\/eximtex.com\/de\/wp-json\/wp\/v2\/pages\/511","targetHints":{"allow":["GET"]}}],"collection":[{"href":"https:\/\/eximtex.com\/de\/wp-json\/wp\/v2\/pages"}],"about":[{"href":"https:\/\/eximtex.com\/de\/wp-json\/wp\/v2\/types\/page"}],"author":[{"embeddable":true,"href":"https:\/\/eximtex.com\/de\/wp-json\/wp\/v2\/users\/1"}],"replies":[{"embeddable":true,"href":"https:\/\/eximtex.com\/de\/wp-json\/wp\/v2\/comments?post=511"}],"version-history":[{"count":32,"href":"https:\/\/eximtex.com\/de\/wp-json\/wp\/v2\/pages\/511\/revisions"}],"predecessor-version":[{"id":818,"href":"https:\/\/eximtex.com\/de\/wp-json\/wp\/v2\/pages\/511\/revisions\/818"}],"wp:attachment":[{"href":"https:\/\/eximtex.com\/de\/wp-json\/wp\/v2\/media?parent=511"}],"curies":[{"name":"wp","href":"https:\/\/api.w.org\/{rel}","templated":true}]}}