{"id":1087,"date":"2021-08-20T07:39:51","date_gmt":"2021-08-20T07:39:51","guid":{"rendered":"https:\/\/eximtex.com\/?post_type=product&#038;p=1087"},"modified":"2021-08-20T07:39:51","modified_gmt":"2021-08-20T07:39:51","slug":"pulla-350305","status":"publish","type":"product","link":"https:\/\/eximtex.com\/de\/product\/pulla-350305\/","title":{"rendered":"P"},"content":{"rendered":"<p class=\"qtranxs-available-languages-message qtranxs-available-languages-message-de\">Leider ist der Eintrag nur auf <a href=\"https:\/\/eximtex.com\/sq\/wp-json\/wp\/v2\/product\/1087\" class=\"qtranxs-available-language-link qtranxs-available-language-link-sq\" title=\"Shqip\">Shqip<\/a> verf\u00fcgbar.<\/p>","protected":false},"excerpt":{"rendered":"<p class=\"qtranxs-available-languages-message qtranxs-available-languages-message-de\">Leider ist der Eintrag nur auf <a href=\"https:\/\/eximtex.com\/sq\/wp-json\/wp\/v2\/product\/1087\" class=\"qtranxs-available-language-link qtranxs-available-language-link-sq\" title=\"Shqip\">Shqip<\/a> verf\u00fcgbar.<\/p>\n","protected":false},"featured_media":1088,"comment_status":"closed","ping_status":"closed","template":"","meta":{"spay_email":""},"product_cat":[113,114],"product_tag":[],"class_list":["post-1087","product","type-product","status-publish","has-post-thumbnail","hentry","product_cat-aksesore","product_cat-pulla","pa_njesia-matese-cope"],"yoast_head":"<!-- This site is optimized with the Yoast SEO plugin v16.6.1 - https:\/\/yoast.com\/wordpress\/plugins\/seo\/ -->\n<title>P | EximTex SH.P.K.<\/title>\n<meta name=\"description\" content=\"Pulla nga Eximtex.N\u00eb veshjen moderne dhe dizajnin e mod\u00ebs , nje pulle eshte nj\u00eb detaj i madh.Shtoni madheshti kostumeve tuaja me pullat e Eximtex!\" \/>\n<meta name=\"robots\" content=\"index, follow, max-snippet:-1, max-image-preview:large, max-video-preview:-1\" \/>\n<link rel=\"canonical\" href=\"https:\/\/eximtex.com\/de\/product\/pulla-350305\/\" \/>\n<meta property=\"og:locale\" content=\"de_DE\" \/>\n<meta property=\"og:type\" content=\"article\" \/>\n<meta property=\"og:title\" content=\"[:sq]Pulla 350305[:de]P[:en]P[:] | EximTex SH.P.K.\" \/>\n<meta property=\"og:description\" content=\"Pulla nga Eximtex.N\u00eb veshjen moderne dhe dizajnin e mod\u00ebs , nje pulle eshte nj\u00eb detaj i madh.Shtoni madheshti kostumeve tuaja me pullat e Eximtex!\" \/>\n<meta property=\"og:url\" content=\"https:\/\/eximtex.com\/de\/product\/pulla-350305\/\" \/>\n<meta property=\"og:site_name\" content=\"EximTex SH.P.K.\" \/>\n<meta property=\"article:publisher\" content=\"https:\/\/www.facebook.com\/EximTex\/\" \/>\n<meta property=\"og:image\" content=\"https:\/\/eximtex.com\/wp-content\/uploads\/2021\/08\/Pulla-350305-scaled.jpg\" \/>\n\t<meta property=\"og:image:width\" content=\"2560\" \/>\n\t<meta property=\"og:image:height\" content=\"1618\" \/>\n<meta name=\"twitter:card\" content=\"summary_large_image\" \/>\n<meta name=\"twitter:label1\" content=\"Gesch\u00e4tzte Lesezeit\" \/>\n\t<meta name=\"twitter:data1\" content=\"1\u00a0Minute\" \/>\n<script type=\"application\/ld+json\" class=\"yoast-schema-graph\">{\"@context\":\"https:\/\/schema.org\",\"@graph\":[{\"@type\":\"Organization\",\"@id\":\"https:\/\/eximtex.com\/de\/#organization\",\"name\":\"Eximtex SH.P.K.\",\"url\":\"https:\/\/eximtex.com\/de\/\",\"sameAs\":[\"https:\/\/www.facebook.com\/EximTex\/\",\"https:\/\/www.instagram.com\/eximtexshpk\/\"],\"logo\":{\"@type\":\"ImageObject\",\"@id\":\"https:\/\/eximtex.com\/de\/#logo\",\"inLanguage\":\"de\",\"url\":\"https:\/\/eximtex.com\/wp-content\/uploads\/2020\/05\/eximtex-shpk.png\",\"contentUrl\":\"https:\/\/eximtex.com\/wp-content\/uploads\/2020\/05\/eximtex-shpk.png\",\"width\":3392,\"height\":1251,\"caption\":\"Eximtex SH.P.K.\"},\"image\":{\"@id\":\"https:\/\/eximtex.com\/de\/#logo\"}},{\"@type\":\"WebSite\",\"@id\":\"https:\/\/eximtex.com\/de\/#website\",\"url\":\"https:\/\/eximtex.com\/de\/\",\"name\":\"EximTex SH.P.K.\",\"description\":\"Fabrika e textilit\",\"publisher\":{\"@id\":\"https:\/\/eximtex.com\/de\/#organization\"},\"potentialAction\":[{\"@type\":\"SearchAction\",\"target\":{\"@type\":\"EntryPoint\",\"urlTemplate\":\"https:\/\/eximtex.com\/de\/?s={search_term_string}\"},\"query-input\":\"required name=search_term_string\"}],\"inLanguage\":\"de\"},{\"@type\":\"ImageObject\",\"@id\":\"https:\/\/eximtex.com\/de\/product\/pulla-350305\/#primaryimage\",\"inLanguage\":\"de\",\"url\":\"https:\/\/eximtex.com\/wp-content\/uploads\/2021\/08\/Pulla-350305-scaled.jpg\",\"contentUrl\":\"https:\/\/eximtex.com\/wp-content\/uploads\/2021\/08\/Pulla-350305-scaled.jpg\",\"width\":2560,\"height\":1618},{\"@type\":\"WebPage\",\"@id\":\"https:\/\/eximtex.com\/de\/product\/pulla-350305\/#webpage\",\"url\":\"https:\/\/eximtex.com\/de\/product\/pulla-350305\/\",\"name\":\"[:sq]Pulla 350305[:de]P[:en]P[:] | EximTex SH.P.K.\",\"isPartOf\":{\"@id\":\"https:\/\/eximtex.com\/de\/#website\"},\"primaryImageOfPage\":{\"@id\":\"https:\/\/eximtex.com\/de\/product\/pulla-350305\/#primaryimage\"},\"datePublished\":\"2021-08-20T07:39:51+00:00\",\"dateModified\":\"2021-08-20T07:39:51+00:00\",\"description\":\"Pulla nga Eximtex.N\\u00eb veshjen moderne dhe dizajnin e mod\\u00ebs , nje pulle eshte nj\\u00eb detaj i madh.Shtoni madheshti kostumeve tuaja me pullat e Eximtex!\",\"breadcrumb\":{\"@id\":\"https:\/\/eximtex.com\/de\/product\/pulla-350305\/#breadcrumb\"},\"inLanguage\":\"de\",\"potentialAction\":[{\"@type\":\"ReadAction\",\"target\":[\"https:\/\/eximtex.com\/de\/product\/pulla-350305\/\"]}]},{\"@type\":\"BreadcrumbList\",\"@id\":\"https:\/\/eximtex.com\/de\/product\/pulla-350305\/#breadcrumb\",\"itemListElement\":[{\"@type\":\"ListItem\",\"position\":1,\"name\":\"Starteseite\",\"item\":\"https:\/\/eximtex.com\/de\/\"},{\"@type\":\"ListItem\",\"position\":2,\"name\":\"Products\",\"item\":\"https:\/\/eximtex.com\/de\/shop\/\"},{\"@type\":\"ListItem\",\"position\":3,\"name\":\"P\"}]}]}<\/script>\n<!-- \/ Yoast SEO plugin. -->","_links":{"self":[{"href":"https:\/\/eximtex.com\/de\/wp-json\/wp\/v2\/product\/1087","targetHints":{"allow":["GET"]}}],"collection":[{"href":"https:\/\/eximtex.com\/de\/wp-json\/wp\/v2\/product"}],"about":[{"href":"https:\/\/eximtex.com\/de\/wp-json\/wp\/v2\/types\/product"}],"replies":[{"embeddable":true,"href":"https:\/\/eximtex.com\/de\/wp-json\/wp\/v2\/comments?post=1087"}],"wp:featuredmedia":[{"embeddable":true,"href":"https:\/\/eximtex.com\/de\/wp-json\/wp\/v2\/media\/1088"}],"wp:attachment":[{"href":"https:\/\/eximtex.com\/de\/wp-json\/wp\/v2\/media?parent=1087"}],"wp:term":[{"taxonomy":"product_cat","embeddable":true,"href":"https:\/\/eximtex.com\/de\/wp-json\/wp\/v2\/product_cat?post=1087"},{"taxonomy":"product_tag","embeddable":true,"href":"https:\/\/eximtex.com\/de\/wp-json\/wp\/v2\/product_tag?post=1087"}],"curies":[{"name":"wp","href":"https:\/\/api.w.org\/{rel}","templated":true}]}}