{"id":1064,"date":"2021-08-13T07:57:32","date_gmt":"2021-08-13T07:57:32","guid":{"rendered":"https:\/\/eximtex.com\/?post_type=product&#038;p=1064"},"modified":"2021-08-13T08:53:11","modified_gmt":"2021-08-13T08:53:11","slug":"pulla-380237","status":"publish","type":"product","link":"https:\/\/eximtex.com\/en\/product\/pulla-380237\/","title":{"rendered":"(Shqip) Pulla 380237"},"content":{"rendered":"<p class=\"qtranxs-available-languages-message qtranxs-available-languages-message-en\">Sorry, this entry is only available in <a href=\"https:\/\/eximtex.com\/sq\/wp-json\/wp\/v2\/product\/1064\" class=\"qtranxs-available-language-link qtranxs-available-language-link-sq\" title=\"Shqip\">Shqip<\/a>.<\/p>","protected":false},"excerpt":{"rendered":"<p class=\"qtranxs-available-languages-message qtranxs-available-languages-message-en\">Sorry, this entry is only available in <a href=\"https:\/\/eximtex.com\/sq\/wp-json\/wp\/v2\/product\/1064\" class=\"qtranxs-available-language-link qtranxs-available-language-link-sq\" title=\"Shqip\">Shqip<\/a>.<\/p>\n","protected":false},"featured_media":1062,"comment_status":"closed","ping_status":"closed","template":"","meta":{"spay_email":""},"product_cat":[113,114],"product_tag":[],"class_list":["post-1064","product","type-product","status-publish","has-post-thumbnail","hentry","product_cat-aksesore","product_cat-pulla","pa_njesia-matese-cope"],"yoast_head":"<!-- This site is optimized with the Yoast SEO plugin v16.6.1 - https:\/\/yoast.com\/wordpress\/plugins\/seo\/ -->\n<title><\/title>\n<meta name=\"description\" content=\"Pulla nga Eximtex.N\u00eb veshjen moderne dhe dizajnin e mod\u00ebs , nje pulle eshte nj\u00eb detaj i madh.Shtoni madheshti kostumeve tuaja me pullat e Eximtex\" \/>\n<meta name=\"robots\" content=\"index, follow, max-snippet:-1, max-image-preview:large, max-video-preview:-1\" \/>\n<link rel=\"canonical\" href=\"https:\/\/eximtex.com\/en\/product\/pulla-380237\/\" \/>\n<meta property=\"og:locale\" content=\"en_US\" \/>\n<meta property=\"og:type\" content=\"article\" \/>\n<meta property=\"og:title\" content=\"[:sq]Pulla 380237[:] | EximTex SH.P.K.\" \/>\n<meta property=\"og:description\" content=\"Pulla nga Eximtex.N\u00eb veshjen moderne dhe dizajnin e mod\u00ebs , nje pulle eshte nj\u00eb detaj i madh.Shtoni madheshti kostumeve tuaja me pullat e Eximtex\" \/>\n<meta property=\"og:url\" content=\"https:\/\/eximtex.com\/en\/product\/pulla-380237\/\" \/>\n<meta property=\"og:site_name\" content=\"EximTex SH.P.K.\" \/>\n<meta property=\"article:publisher\" content=\"https:\/\/www.facebook.com\/EximTex\/\" \/>\n<meta property=\"article:modified_time\" content=\"2021-08-13T08:53:11+00:00\" \/>\n<meta property=\"og:image\" content=\"https:\/\/eximtex.com\/wp-content\/uploads\/2021\/08\/PULLA-380240-scaled.jpg\" \/>\n\t<meta property=\"og:image:width\" content=\"2560\" \/>\n\t<meta property=\"og:image:height\" content=\"1707\" \/>\n<meta name=\"twitter:card\" content=\"summary_large_image\" \/>\n<meta name=\"twitter:label1\" content=\"Est. reading time\" \/>\n\t<meta name=\"twitter:data1\" content=\"1 minute\" \/>\n<script type=\"application\/ld+json\" class=\"yoast-schema-graph\">{\"@context\":\"https:\/\/schema.org\",\"@graph\":[{\"@type\":\"Organization\",\"@id\":\"https:\/\/eximtex.com\/en\/#organization\",\"name\":\"Eximtex SH.P.K.\",\"url\":\"https:\/\/eximtex.com\/en\/\",\"sameAs\":[\"https:\/\/www.facebook.com\/EximTex\/\",\"https:\/\/www.instagram.com\/eximtexshpk\/\"],\"logo\":{\"@type\":\"ImageObject\",\"@id\":\"https:\/\/eximtex.com\/en\/#logo\",\"inLanguage\":\"en-US\",\"url\":\"https:\/\/eximtex.com\/wp-content\/uploads\/2020\/05\/eximtex-shpk.png\",\"contentUrl\":\"https:\/\/eximtex.com\/wp-content\/uploads\/2020\/05\/eximtex-shpk.png\",\"width\":3392,\"height\":1251,\"caption\":\"Eximtex SH.P.K.\"},\"image\":{\"@id\":\"https:\/\/eximtex.com\/en\/#logo\"}},{\"@type\":\"WebSite\",\"@id\":\"https:\/\/eximtex.com\/en\/#website\",\"url\":\"https:\/\/eximtex.com\/en\/\",\"name\":\"EximTex SH.P.K.\",\"description\":\"Fabrika e textilit\",\"publisher\":{\"@id\":\"https:\/\/eximtex.com\/en\/#organization\"},\"potentialAction\":[{\"@type\":\"SearchAction\",\"target\":{\"@type\":\"EntryPoint\",\"urlTemplate\":\"https:\/\/eximtex.com\/en\/?s={search_term_string}\"},\"query-input\":\"required name=search_term_string\"}],\"inLanguage\":\"en-US\"},{\"@type\":\"ImageObject\",\"@id\":\"https:\/\/eximtex.com\/en\/product\/pulla-380237\/#primaryimage\",\"inLanguage\":\"en-US\",\"url\":\"https:\/\/eximtex.com\/wp-content\/uploads\/2021\/08\/PULLA-380240-scaled.jpg\",\"contentUrl\":\"https:\/\/eximtex.com\/wp-content\/uploads\/2021\/08\/PULLA-380240-scaled.jpg\",\"width\":2560,\"height\":1707},{\"@type\":\"WebPage\",\"@id\":\"https:\/\/eximtex.com\/en\/product\/pulla-380237\/#webpage\",\"url\":\"https:\/\/eximtex.com\/en\/product\/pulla-380237\/\",\"name\":\"[:sq]Pulla 380237[:] | EximTex SH.P.K.\",\"isPartOf\":{\"@id\":\"https:\/\/eximtex.com\/en\/#website\"},\"primaryImageOfPage\":{\"@id\":\"https:\/\/eximtex.com\/en\/product\/pulla-380237\/#primaryimage\"},\"datePublished\":\"2021-08-13T07:57:32+00:00\",\"dateModified\":\"2021-08-13T08:53:11+00:00\",\"description\":\"Pulla nga Eximtex.N\\u00eb veshjen moderne dhe dizajnin e mod\\u00ebs , nje pulle eshte nj\\u00eb detaj i madh.Shtoni madheshti kostumeve tuaja me pullat e Eximtex\",\"breadcrumb\":{\"@id\":\"https:\/\/eximtex.com\/en\/product\/pulla-380237\/#breadcrumb\"},\"inLanguage\":\"en-US\",\"potentialAction\":[{\"@type\":\"ReadAction\",\"target\":[\"https:\/\/eximtex.com\/en\/product\/pulla-380237\/\"]}]},{\"@type\":\"BreadcrumbList\",\"@id\":\"https:\/\/eximtex.com\/en\/product\/pulla-380237\/#breadcrumb\",\"itemListElement\":[{\"@type\":\"ListItem\",\"position\":1,\"name\":\"Home\",\"item\":\"https:\/\/eximtex.com\/en\/\"},{\"@type\":\"ListItem\",\"position\":2,\"name\":\"Products\",\"item\":\"https:\/\/eximtex.com\/en\/shop\/\"},{\"@type\":\"ListItem\",\"position\":3,\"name\":\"(Shqip) Pulla 380237\"}]}]}<\/script>\n<!-- \/ Yoast SEO plugin. -->","_links":{"self":[{"href":"https:\/\/eximtex.com\/en\/wp-json\/wp\/v2\/product\/1064","targetHints":{"allow":["GET"]}}],"collection":[{"href":"https:\/\/eximtex.com\/en\/wp-json\/wp\/v2\/product"}],"about":[{"href":"https:\/\/eximtex.com\/en\/wp-json\/wp\/v2\/types\/product"}],"replies":[{"embeddable":true,"href":"https:\/\/eximtex.com\/en\/wp-json\/wp\/v2\/comments?post=1064"}],"wp:featuredmedia":[{"embeddable":true,"href":"https:\/\/eximtex.com\/en\/wp-json\/wp\/v2\/media\/1062"}],"wp:attachment":[{"href":"https:\/\/eximtex.com\/en\/wp-json\/wp\/v2\/media?parent=1064"}],"wp:term":[{"taxonomy":"product_cat","embeddable":true,"href":"https:\/\/eximtex.com\/en\/wp-json\/wp\/v2\/product_cat?post=1064"},{"taxonomy":"product_tag","embeddable":true,"href":"https:\/\/eximtex.com\/en\/wp-json\/wp\/v2\/product_tag?post=1064"}],"curies":[{"name":"wp","href":"https:\/\/api.w.org\/{rel}","templated":true}]}}