{"id":1138,"date":"2021-08-31T08:48:07","date_gmt":"2021-08-31T08:48:07","guid":{"rendered":"https:\/\/eximtex.com\/?post_type=product&#038;p=1138"},"modified":"2021-08-31T08:50:53","modified_gmt":"2021-08-31T08:50:53","slug":"kemishe-3064","status":"publish","type":"product","link":"https:\/\/eximtex.com\/en\/product\/kemishe-3064\/","title":{"rendered":"(Kopje) (Kopje)"},"content":{"rendered":"<p class=\"qtranxs-available-languages-message qtranxs-available-languages-message-en\">Sorry, this entry is only available in <a href=\"https:\/\/eximtex.com\/sq\/wp-json\/wp\/v2\/product\/1138\" class=\"qtranxs-available-language-link qtranxs-available-language-link-sq\" title=\"Shqip\">Shqip<\/a>.<\/p>","protected":false},"excerpt":{"rendered":"<p class=\"qtranxs-available-languages-message qtranxs-available-languages-message-en\">Sorry, this entry is only available in <a href=\"https:\/\/eximtex.com\/sq\/wp-json\/wp\/v2\/product\/1138\" class=\"qtranxs-available-language-link qtranxs-available-language-link-sq\" title=\"Shqip\">Shqip<\/a>.<\/p>\n","protected":false},"featured_media":1130,"comment_status":"closed","ping_status":"closed","template":"","meta":{"spay_email":""},"product_cat":[88,66,55],"product_tag":[],"class_list":["post-1138","product","type-product","status-publish","has-post-thumbnail","hentry","product_cat-kemisha-meshkuj","product_cat-meshkuj","product_cat-mode","pa_njesia-matese-cope"],"yoast_head":"<!-- This site is optimized with the Yoast SEO plugin v16.6.1 - https:\/\/yoast.com\/wordpress\/plugins\/seo\/ -->\n<title>(Kopje) (Kopje) | EximTex SH.P.K.<\/title>\n<meta name=\"description\" content=\"K\u00ebmisha t\u00eb dizajnuara p\u00ebr nevojat tuaja. T\u00eb prodhuara me material t\u00eb brendeve bot\u00ebrore, cerfitikuar nga Oeko Tex!\" \/>\n<meta name=\"robots\" content=\"index, follow, max-snippet:-1, max-image-preview:large, max-video-preview:-1\" \/>\n<link rel=\"canonical\" href=\"https:\/\/eximtex.com\/en\/product\/kemishe-3064\/\" \/>\n<meta property=\"og:locale\" content=\"en_US\" \/>\n<meta property=\"og:type\" content=\"article\" \/>\n<meta property=\"og:title\" content=\"[:sq]K\u00ebmish\u00eb 3064[:de] (Kopje) (Kopje)[:en] (Kopje) (Kopje)[:] | EximTex SH.P.K.\" \/>\n<meta property=\"og:description\" content=\"K\u00ebmisha t\u00eb dizajnuara p\u00ebr nevojat tuaja. T\u00eb prodhuara me material t\u00eb brendeve bot\u00ebrore, cerfitikuar nga Oeko Tex!\" \/>\n<meta property=\"og:url\" content=\"https:\/\/eximtex.com\/en\/product\/kemishe-3064\/\" \/>\n<meta property=\"og:site_name\" content=\"EximTex SH.P.K.\" \/>\n<meta property=\"article:publisher\" content=\"https:\/\/www.facebook.com\/EximTex\/\" \/>\n<meta property=\"article:modified_time\" content=\"2021-08-31T08:50:53+00:00\" \/>\n<meta property=\"og:image\" content=\"https:\/\/eximtex.com\/wp-content\/uploads\/2021\/08\/IMG_3064-scaled.jpg\" \/>\n\t<meta property=\"og:image:width\" content=\"2560\" \/>\n\t<meta property=\"og:image:height\" content=\"2224\" \/>\n<meta name=\"twitter:card\" content=\"summary_large_image\" \/>\n<meta name=\"twitter:label1\" content=\"Est. reading time\" \/>\n\t<meta name=\"twitter:data1\" content=\"1 minute\" \/>\n<script type=\"application\/ld+json\" class=\"yoast-schema-graph\">{\"@context\":\"https:\/\/schema.org\",\"@graph\":[{\"@type\":\"Organization\",\"@id\":\"https:\/\/eximtex.com\/en\/#organization\",\"name\":\"Eximtex SH.P.K.\",\"url\":\"https:\/\/eximtex.com\/en\/\",\"sameAs\":[\"https:\/\/www.facebook.com\/EximTex\/\",\"https:\/\/www.instagram.com\/eximtexshpk\/\"],\"logo\":{\"@type\":\"ImageObject\",\"@id\":\"https:\/\/eximtex.com\/en\/#logo\",\"inLanguage\":\"en-US\",\"url\":\"https:\/\/eximtex.com\/wp-content\/uploads\/2020\/05\/eximtex-shpk.png\",\"contentUrl\":\"https:\/\/eximtex.com\/wp-content\/uploads\/2020\/05\/eximtex-shpk.png\",\"width\":3392,\"height\":1251,\"caption\":\"Eximtex SH.P.K.\"},\"image\":{\"@id\":\"https:\/\/eximtex.com\/en\/#logo\"}},{\"@type\":\"WebSite\",\"@id\":\"https:\/\/eximtex.com\/en\/#website\",\"url\":\"https:\/\/eximtex.com\/en\/\",\"name\":\"EximTex SH.P.K.\",\"description\":\"Fabrika e textilit\",\"publisher\":{\"@id\":\"https:\/\/eximtex.com\/en\/#organization\"},\"potentialAction\":[{\"@type\":\"SearchAction\",\"target\":{\"@type\":\"EntryPoint\",\"urlTemplate\":\"https:\/\/eximtex.com\/en\/?s={search_term_string}\"},\"query-input\":\"required name=search_term_string\"}],\"inLanguage\":\"en-US\"},{\"@type\":\"ImageObject\",\"@id\":\"https:\/\/eximtex.com\/en\/product\/kemishe-3064\/#primaryimage\",\"inLanguage\":\"en-US\",\"url\":\"https:\/\/eximtex.com\/wp-content\/uploads\/2021\/08\/IMG_3064-scaled.jpg\",\"contentUrl\":\"https:\/\/eximtex.com\/wp-content\/uploads\/2021\/08\/IMG_3064-scaled.jpg\",\"width\":2560,\"height\":2224},{\"@type\":\"WebPage\",\"@id\":\"https:\/\/eximtex.com\/en\/product\/kemishe-3064\/#webpage\",\"url\":\"https:\/\/eximtex.com\/en\/product\/kemishe-3064\/\",\"name\":\"[:sq]K\\u00ebmish\\u00eb 3064[:de] (Kopje) (Kopje)[:en] (Kopje) (Kopje)[:] | EximTex SH.P.K.\",\"isPartOf\":{\"@id\":\"https:\/\/eximtex.com\/en\/#website\"},\"primaryImageOfPage\":{\"@id\":\"https:\/\/eximtex.com\/en\/product\/kemishe-3064\/#primaryimage\"},\"datePublished\":\"2021-08-31T08:48:07+00:00\",\"dateModified\":\"2021-08-31T08:50:53+00:00\",\"description\":\"K\\u00ebmisha t\\u00eb dizajnuara p\\u00ebr nevojat tuaja. T\\u00eb prodhuara me material t\\u00eb brendeve bot\\u00ebrore, cerfitikuar nga Oeko Tex!\",\"breadcrumb\":{\"@id\":\"https:\/\/eximtex.com\/en\/product\/kemishe-3064\/#breadcrumb\"},\"inLanguage\":\"en-US\",\"potentialAction\":[{\"@type\":\"ReadAction\",\"target\":[\"https:\/\/eximtex.com\/en\/product\/kemishe-3064\/\"]}]},{\"@type\":\"BreadcrumbList\",\"@id\":\"https:\/\/eximtex.com\/en\/product\/kemishe-3064\/#breadcrumb\",\"itemListElement\":[{\"@type\":\"ListItem\",\"position\":1,\"name\":\"Home\",\"item\":\"https:\/\/eximtex.com\/en\/\"},{\"@type\":\"ListItem\",\"position\":2,\"name\":\"Products\",\"item\":\"https:\/\/eximtex.com\/en\/shop\/\"},{\"@type\":\"ListItem\",\"position\":3,\"name\":\"(Kopje) (Kopje)\"}]}]}<\/script>\n<!-- \/ Yoast SEO plugin. -->","_links":{"self":[{"href":"https:\/\/eximtex.com\/en\/wp-json\/wp\/v2\/product\/1138","targetHints":{"allow":["GET"]}}],"collection":[{"href":"https:\/\/eximtex.com\/en\/wp-json\/wp\/v2\/product"}],"about":[{"href":"https:\/\/eximtex.com\/en\/wp-json\/wp\/v2\/types\/product"}],"replies":[{"embeddable":true,"href":"https:\/\/eximtex.com\/en\/wp-json\/wp\/v2\/comments?post=1138"}],"wp:featuredmedia":[{"embeddable":true,"href":"https:\/\/eximtex.com\/en\/wp-json\/wp\/v2\/media\/1130"}],"wp:attachment":[{"href":"https:\/\/eximtex.com\/en\/wp-json\/wp\/v2\/media?parent=1138"}],"wp:term":[{"taxonomy":"product_cat","embeddable":true,"href":"https:\/\/eximtex.com\/en\/wp-json\/wp\/v2\/product_cat?post=1138"},{"taxonomy":"product_tag","embeddable":true,"href":"https:\/\/eximtex.com\/en\/wp-json\/wp\/v2\/product_tag?post=1138"}],"curies":[{"name":"wp","href":"https:\/\/api.w.org\/{rel}","templated":true}]}}